{"id":840,"date":"2024-09-18T09:14:34","date_gmt":"2024-09-18T09:14:34","guid":{"rendered":"https:\/\/konsulat-tajlandii-krakow.pl\/homepage\/"},"modified":"2024-10-31T13:35:15","modified_gmt":"2024-10-31T13:35:15","slug":"homepage","status":"publish","type":"page","link":"https:\/\/konsulat-tajlandii-krakow.pl\/en\/","title":{"rendered":"Homepage"},"content":{"rendered":"\t\t<div data-elementor-type=\"wp-post\" data-elementor-id=\"840\" class=\"elementor elementor-840 elementor-9\">\n\t\t\t\t<div class=\"elementor-element elementor-element-2c32a65 e-grid e-con-full e-con e-parent\" data-id=\"2c32a65\" data-element_type=\"container\" data-settings=\"{&quot;background_background&quot;:&quot;classic&quot;}\">\n\t\t<div class=\"elementor-element elementor-element-36f8a24 e-con-full e-flex e-con e-child\" data-id=\"36f8a24\" data-element_type=\"container\" data-settings=\"{&quot;background_background&quot;:&quot;classic&quot;}\">\n\t\t\t\t<div class=\"elementor-element elementor-element-1142310 elementor-widget elementor-widget-heading\" data-id=\"1142310\" data-element_type=\"widget\" data-widget_type=\"heading.default\">\n\t\t\t\t<div class=\"elementor-widget-container\">\n\t\t\t\t\t<h2 class=\"elementor-heading-title elementor-size-default\">Honorary Consul of Thailand in Krakow<\/h2>\t\t\t\t<\/div>\n\t\t\t\t<\/div>\n\t\t\t\t<div class=\"elementor-element elementor-element-dd27ff0 elementor-widget-divider--view-line elementor-widget elementor-widget-divider\" data-id=\"dd27ff0\" data-element_type=\"widget\" data-widget_type=\"divider.default\">\n\t\t\t\t<div class=\"elementor-widget-container\">\n\t\t\t\t\t\t\t<div class=\"elementor-divider\">\n\t\t\t<span class=\"elementor-divider-separator\">\n\t\t\t\t\t\t<\/span>\n\t\t<\/div>\n\t\t\t\t\t\t<\/div>\n\t\t\t\t<\/div>\n\t\t\t\t<div class=\"elementor-element elementor-element-ddad5ac elementor-widget elementor-widget-text-editor\" data-id=\"ddad5ac\" data-element_type=\"widget\" data-widget_type=\"text-editor.default\">\n\t\t\t\t<div class=\"elementor-widget-container\">\n\t\t\t\t\t\t\t\t\t<p>Wieslaw Zyznowski, founder of Mercator Medical, was appointed on January 3, 2024 by His Majesty the King of Thailand to serve as Honorary Consul of the Kingdom of Thailand for the area of Malopolska, Silesia, Opole and Lower Silesia, based in Krakow. His mission includes initiating and supporting Polish-Thai relations that foster the development of economic and cultural cooperation between Poland and Thailand. <\/p>\n\t\t\t\t\t\t\t\t<\/div>\n\t\t\t\t<\/div>\n\t\t\t\t<\/div>\n\t\t\t\t<\/div>\n\t\t<div class=\"elementor-element elementor-element-1667336 e-con-full e-flex e-con e-parent\" data-id=\"1667336\" data-element_type=\"container\">\n\t\t\t\t<div class=\"elementor-element elementor-element-e46063b elementor-widget elementor-widget-heading\" data-id=\"e46063b\" data-element_type=\"widget\" data-widget_type=\"heading.default\">\n\t\t\t\t<div class=\"elementor-widget-container\">\n\t\t\t\t\t<h2 class=\"elementor-heading-title elementor-size-default\">News<\/h2>\t\t\t\t<\/div>\n\t\t\t\t<\/div>\n\t\t\t\t<div class=\"elementor-element elementor-element-d594c54 elementor-widget-divider--view-line elementor-widget elementor-widget-divider\" data-id=\"d594c54\" data-element_type=\"widget\" data-widget_type=\"divider.default\">\n\t\t\t\t<div class=\"elementor-widget-container\">\n\t\t\t\t\t\t\t<div class=\"elementor-divider\">\n\t\t\t<span class=\"elementor-divider-separator\">\n\t\t\t\t\t\t<\/span>\n\t\t<\/div>\n\t\t\t\t\t\t<\/div>\n\t\t\t\t<\/div>\n\t\t\t\t<div class=\"elementor-element elementor-element-2cb1d55 elementor-grid-eael-col-2 elementor-grid-tablet-eael-col-2 elementor-grid-mobile-eael-col-1 elementor-widget elementor-widget-eael-post-grid\" data-id=\"2cb1d55\" data-element_type=\"widget\" data-settings=\"{&quot;eael_post_grid_columns&quot;:&quot;eael-col-2&quot;,&quot;eael_post_grid_columns_tablet&quot;:&quot;eael-col-2&quot;,&quot;eael_post_grid_columns_mobile&quot;:&quot;eael-col-1&quot;}\" data-widget_type=\"eael-post-grid.default\">\n\t\t\t\t<div class=\"elementor-widget-container\">\n\t\t\t\t\t<div id=\"eael-post-grid-2cb1d55\" class=\"eael-post-grid-container\">\n            <div class=\"eael-post-grid eael-post-appender eael-post-appender-2cb1d55 eael-post-grid-style-three\" data-layout-mode=\"grid\"><article class=\"eael-grid-post eael-post-grid-column\" data-id=\"2126\">\n        <div class=\"eael-grid-post-holder\">\n            <div class=\"eael-grid-post-holder-inner\"><div class=\"eael-entry-media\"><div class=\"eael-entry-overlay fade-in\"><i class=\"fas fa-long-arrow-alt-right\" aria-hidden=\"true\"><\/i><a href=\"https:\/\/konsulat-tajlandii-krakow.pl\/en\/welcome-to-the-new-ambassador-of-the-kingdom-of-thailand\/\"><\/a><\/div><div class=\"eael-entry-thumbnail \">\n                 <img fetchpriority=\"high\" decoding=\"async\" width=\"300\" height=\"169\" src=\"https:\/\/konsulat-tajlandii-krakow.pl\/wp-content\/uploads\/2026\/04\/1920x1080_KH_WWW_AktualnoC59Bci_UC59Bcisk-300x169.jpg\" class=\"attachment-medium size-medium wp-image-2124\" alt=\"\" srcset=\"https:\/\/konsulat-tajlandii-krakow.pl\/wp-content\/uploads\/2026\/04\/1920x1080_KH_WWW_AktualnoC59Bci_UC59Bcisk-300x169.jpg 300w, https:\/\/konsulat-tajlandii-krakow.pl\/wp-content\/uploads\/2026\/04\/1920x1080_KH_WWW_AktualnoC59Bci_UC59Bcisk-1024x576.jpg 1024w, https:\/\/konsulat-tajlandii-krakow.pl\/wp-content\/uploads\/2026\/04\/1920x1080_KH_WWW_AktualnoC59Bci_UC59Bcisk-768x432.jpg 768w, https:\/\/konsulat-tajlandii-krakow.pl\/wp-content\/uploads\/2026\/04\/1920x1080_KH_WWW_AktualnoC59Bci_UC59Bcisk-1536x864.jpg 1536w, https:\/\/konsulat-tajlandii-krakow.pl\/wp-content\/uploads\/2026\/04\/1920x1080_KH_WWW_AktualnoC59Bci_UC59Bcisk.jpg 1920w\" sizes=\"(max-width: 300px) 100vw, 300px\" \/>\n             <\/div>\n        <\/div><div class=\"eael-entry-wrapper\"><header class=\"eael-entry-header\"><h3 class=\"eael-entry-title\"><a\n                        class=\"eael-grid-post-link\"\n                        href=\"https:\/\/konsulat-tajlandii-krakow.pl\/en\/welcome-to-the-new-ambassador-of-the-kingdom-of-thailand\/\"\n                        title=\"Welcome to the new Ambassador of the Kingdom of Thailand\">Welcome to the new Ambassador of the Kingdom of Thailand<\/a><\/h3><\/header><div class=\"eael-entry-meta\"><span class=\"eael-posted-by\"><a href=\"https:\/\/konsulat-tajlandii-krakow.pl\/en\/author\/anna-wisz-gancarz\/\" title=\"Posts by admin\" rel=\"author\">admin<\/a><\/span><span class=\"eael-posted-on\"><time datetime=\"April 13, 2026\">April 13, 2026<\/time><\/span><\/div><div class=\"eael-entry-content\">\n                        <div class=\"eael-grid-post-excerpt\"><p>We are delighted to announce that the Honorary Consul of the Kingdom of Thailand in Krak\u00f3w, Wies\u0142aw \u017byznowski, had the honour of meeting the new Ambassador of the Kingdom of Thailand, A. Sira Swangsilpa. The meeting provided an excellent opportunity to officially welcome the Ambassador and discuss further cooperation aimed at developing Polish-Thai relations. Honorary [&hellip;]<\/p><\/div>\n                    <\/div><\/div><\/div>\n        <\/div>\n    <\/article><article class=\"eael-grid-post eael-post-grid-column\" data-id=\"2119\">\n        <div class=\"eael-grid-post-holder\">\n            <div class=\"eael-grid-post-holder-inner\"><div class=\"eael-entry-media\"><div class=\"eael-entry-overlay fade-in\"><i class=\"fas fa-long-arrow-alt-right\" aria-hidden=\"true\"><\/i><a href=\"https:\/\/konsulat-tajlandii-krakow.pl\/en\/warmest-wishes-for-easter\/\"><\/a><\/div><div class=\"eael-entry-thumbnail \">\n                 <img decoding=\"async\" width=\"300\" height=\"300\" src=\"https:\/\/konsulat-tajlandii-krakow.pl\/wp-content\/uploads\/2026\/04\/1200x1200_KH_Linkedin_Wielkanoc2026_v3-1-300x300.jpg\" class=\"attachment-medium size-medium wp-image-2115\" alt=\"\" srcset=\"https:\/\/konsulat-tajlandii-krakow.pl\/wp-content\/uploads\/2026\/04\/1200x1200_KH_Linkedin_Wielkanoc2026_v3-1-300x300.jpg 300w, https:\/\/konsulat-tajlandii-krakow.pl\/wp-content\/uploads\/2026\/04\/1200x1200_KH_Linkedin_Wielkanoc2026_v3-1-1024x1024.jpg 1024w, https:\/\/konsulat-tajlandii-krakow.pl\/wp-content\/uploads\/2026\/04\/1200x1200_KH_Linkedin_Wielkanoc2026_v3-1-150x150.jpg 150w, https:\/\/konsulat-tajlandii-krakow.pl\/wp-content\/uploads\/2026\/04\/1200x1200_KH_Linkedin_Wielkanoc2026_v3-1-768x768.jpg 768w, https:\/\/konsulat-tajlandii-krakow.pl\/wp-content\/uploads\/2026\/04\/1200x1200_KH_Linkedin_Wielkanoc2026_v3-1.jpg 1200w\" sizes=\"(max-width: 300px) 100vw, 300px\" \/>\n             <\/div>\n        <\/div><div class=\"eael-entry-wrapper\"><header class=\"eael-entry-header\"><h3 class=\"eael-entry-title\"><a\n                        class=\"eael-grid-post-link\"\n                        href=\"https:\/\/konsulat-tajlandii-krakow.pl\/en\/warmest-wishes-for-easter\/\"\n                        title=\"Warmest wishes for Easter\">Warmest wishes for Easter<\/a><\/h3><\/header><div class=\"eael-entry-meta\"><span class=\"eael-posted-by\"><a href=\"https:\/\/konsulat-tajlandii-krakow.pl\/en\/author\/anna-wisz-gancarz\/\" title=\"Posts by admin\" rel=\"author\">admin<\/a><\/span><span class=\"eael-posted-on\"><time datetime=\"April 2, 2026\">April 2, 2026<\/time><\/span><\/div><div class=\"eael-entry-content\">\n                        <div class=\"eael-grid-post-excerpt\"><p>We extend our warmest wishes for a peaceful and joyful Easter, filled with hope, renewal, and the warmth of cherished moments spent with your loved ones. Office of the Honorary Consul of the Kingdom of Thailand in Krak\u00f3w<\/p><\/div>\n                    <\/div><\/div><\/div>\n        <\/div>\n    <\/article><article class=\"eael-grid-post eael-post-grid-column\" data-id=\"2111\">\n        <div class=\"eael-grid-post-holder\">\n            <div class=\"eael-grid-post-holder-inner\"><div class=\"eael-entry-media\"><div class=\"eael-entry-overlay fade-in\"><i class=\"fas fa-long-arrow-alt-right\" aria-hidden=\"true\"><\/i><a href=\"https:\/\/konsulat-tajlandii-krakow.pl\/en\/announcement-by-the-embassy-of-the-kingdom-of-thailand-in-warsaw-mobile-consular-services-1st-edition-in-2026\/\"><\/a><\/div><div class=\"eael-entry-thumbnail \">\n                 <img decoding=\"async\" width=\"300\" height=\"101\" src=\"https:\/\/konsulat-tajlandii-krakow.pl\/wp-content\/uploads\/2024\/10\/AdobeStock_921441204_Szeroki-min-2-1-300x101.png\" class=\"attachment-medium size-medium wp-image-1247\" alt=\"\" srcset=\"https:\/\/konsulat-tajlandii-krakow.pl\/wp-content\/uploads\/2024\/10\/AdobeStock_921441204_Szeroki-min-2-1-300x101.png 300w, https:\/\/konsulat-tajlandii-krakow.pl\/wp-content\/uploads\/2024\/10\/AdobeStock_921441204_Szeroki-min-2-1-1024x344.png 1024w, https:\/\/konsulat-tajlandii-krakow.pl\/wp-content\/uploads\/2024\/10\/AdobeStock_921441204_Szeroki-min-2-1-768x258.png 768w, https:\/\/konsulat-tajlandii-krakow.pl\/wp-content\/uploads\/2024\/10\/AdobeStock_921441204_Szeroki-min-2-1-1536x516.png 1536w, https:\/\/konsulat-tajlandii-krakow.pl\/wp-content\/uploads\/2024\/10\/AdobeStock_921441204_Szeroki-min-2-1.png 1999w\" sizes=\"(max-width: 300px) 100vw, 300px\" \/>\n             <\/div>\n        <\/div><div class=\"eael-entry-wrapper\"><header class=\"eael-entry-header\"><h3 class=\"eael-entry-title\"><a\n                        class=\"eael-grid-post-link\"\n                        href=\"https:\/\/konsulat-tajlandii-krakow.pl\/en\/announcement-by-the-embassy-of-the-kingdom-of-thailand-in-warsaw-mobile-consular-services-1st-edition-in-2026\/\"\n                        title=\"Announcement by the Embassy of the Kingdom of Thailand in Warsaw: Mobile consular services \u2013 1st edition in 2026.\">Announcement by the Embassy of the Kingdom of Thailand in Warsaw: Mobile consular services \u2013 1st edition in 2026.<\/a><\/h3><\/header><div class=\"eael-entry-meta\"><span class=\"eael-posted-by\"><a href=\"https:\/\/konsulat-tajlandii-krakow.pl\/en\/author\/anna-wisz-gancarz\/\" title=\"Posts by admin\" rel=\"author\">admin<\/a><\/span><span class=\"eael-posted-on\"><time datetime=\"March 5, 2026\">March 5, 2026<\/time><\/span><\/div><div class=\"eael-entry-content\">\n                        <div class=\"eael-grid-post-excerpt\"><p>The Embassy of the Kingdom of Thailand in Warsaw announces that it is organizing a mobile consular service in Krakow on the following date: Date: Thursday, April 9, 2026 Location: Vienna House by Wyndham Andel\u2019s Cracow (address: Pawia 3, 31-154 Krakow) Hours: 10:00 a.m.\u20135:00 p.m. The following services will be provided during the mobile consular [&hellip;]<\/p><\/div>\n                    <\/div><\/div><\/div>\n        <\/div>\n    <\/article><article class=\"eael-grid-post eael-post-grid-column\" data-id=\"2104\">\n        <div class=\"eael-grid-post-holder\">\n            <div class=\"eael-grid-post-holder-inner\"><div class=\"eael-entry-media\"><div class=\"eael-entry-overlay fade-in\"><i class=\"fas fa-long-arrow-alt-right\" aria-hidden=\"true\"><\/i><a href=\"https:\/\/konsulat-tajlandii-krakow.pl\/en\/new-direct-air-connection-between-poland-and-thailand\/\"><\/a><\/div><div class=\"eael-entry-thumbnail \">\n                 <img loading=\"lazy\" decoding=\"async\" width=\"300\" height=\"127\" src=\"https:\/\/konsulat-tajlandii-krakow.pl\/wp-content\/uploads\/2026\/02\/AdobeStock_398027956-1-300x127.jpeg\" class=\"attachment-medium size-medium wp-image-2102\" alt=\"\" srcset=\"https:\/\/konsulat-tajlandii-krakow.pl\/wp-content\/uploads\/2026\/02\/AdobeStock_398027956-1-300x127.jpeg 300w, https:\/\/konsulat-tajlandii-krakow.pl\/wp-content\/uploads\/2026\/02\/AdobeStock_398027956-1-1024x434.jpeg 1024w, https:\/\/konsulat-tajlandii-krakow.pl\/wp-content\/uploads\/2026\/02\/AdobeStock_398027956-1-768x326.jpeg 768w, https:\/\/konsulat-tajlandii-krakow.pl\/wp-content\/uploads\/2026\/02\/AdobeStock_398027956-1-1536x652.jpeg 1536w, https:\/\/konsulat-tajlandii-krakow.pl\/wp-content\/uploads\/2026\/02\/AdobeStock_398027956-1-2048x869.jpeg 2048w\" sizes=\"(max-width: 300px) 100vw, 300px\" \/>\n             <\/div>\n        <\/div><div class=\"eael-entry-wrapper\"><header class=\"eael-entry-header\"><h3 class=\"eael-entry-title\"><a\n                        class=\"eael-grid-post-link\"\n                        href=\"https:\/\/konsulat-tajlandii-krakow.pl\/en\/new-direct-air-connection-between-poland-and-thailand\/\"\n                        title=\"New direct air connection between Poland and Thailand\">New direct air connection between Poland and Thailand<\/a><\/h3><\/header><div class=\"eael-entry-meta\"><span class=\"eael-posted-by\"><a href=\"https:\/\/konsulat-tajlandii-krakow.pl\/en\/author\/anna-wisz-gancarz\/\" title=\"Posts by admin\" rel=\"author\">admin<\/a><\/span><span class=\"eael-posted-on\"><time datetime=\"February 5, 2026\">February 5, 2026<\/time><\/span><\/div><div class=\"eael-entry-content\">\n                        <div class=\"eael-grid-post-excerpt\"><p>We are pleased to share important news for travellers planning a trip to Thailand. LOT Polish Airlines has announced the expansion of its long-haul network with a new direct flight connection between Warsaw and Bangkok. The launch of the new route is scheduled for 26 October 2026. Flights from Warsaw will operate five times per [&hellip;]<\/p><\/div>\n                    <\/div><\/div><\/div>\n        <\/div>\n    <\/article><\/div>\n            <div class=\"clearfix\"><\/div>\n        <\/div>            <div class=\"eael-load-more-button-wrap eael-force-hide\">\n                <button class=\"eael-load-more-button\" id=\"eael-load-more-btn-2cb1d55\" data-widget-id=\"2cb1d55\" data-widget=\"2cb1d55\" data-page-id=\"840\" data-template=\"{&quot;dir&quot;:&quot;lite&quot;,&quot;file_name&quot;:&quot;default.php&quot;,&quot;name&quot;:&quot;Post-Grid&quot;}\" data-class=\"Essential_Addons_Elementor\\Elements\\Post_Grid\" data-layout=\"grid\" data-page=\"1\" data-args=\"orderby=date&amp;order=desc&amp;ignore_sticky_posts=1&amp;post_status=publish&amp;posts_per_page=4&amp;offset=&amp;post_type=post\" data-max-page=\"6\">\n                    <span class=\"eael-btn-loader button__loader\"><\/span>\n                    <span class=\"eael_load_more_text\">Load More<\/span>\n                <\/button>\n            <\/div>\n            \t\t\t\t<\/div>\n\t\t\t\t<\/div>\n\t\t\t\t<div class=\"elementor-element elementor-element-f9839be elementor-align-center elementor-widget elementor-widget-button\" data-id=\"f9839be\" data-element_type=\"widget\" data-widget_type=\"button.default\">\n\t\t\t\t<div class=\"elementor-widget-container\">\n\t\t\t\t\t\t\t\t\t<div class=\"elementor-button-wrapper\">\n\t\t\t\t\t<a class=\"elementor-button elementor-button-link elementor-size-sm\" href=\"https:\/\/konsulat-tajlandii-krakow.pl\/?page_id=175\">\n\t\t\t\t\t\t<span class=\"elementor-button-content-wrapper\">\n\t\t\t\t\t\t\t\t\t<span class=\"elementor-button-text\">See all entries<\/span>\n\t\t\t\t\t<\/span>\n\t\t\t\t\t<\/a>\n\t\t\t\t<\/div>\n\t\t\t\t\t\t\t\t<\/div>\n\t\t\t\t<\/div>\n\t\t\t\t<\/div>\n\t\t\t\t<\/div>\n\t\t","protected":false},"excerpt":{"rendered":"<p>Honorary Consul of Thailand in Krakow Wieslaw Zyznowski, founder of Mercator Medical, was appointed on January 3, 2024 by His Majesty the King of Thailand to serve as Honorary Consul of the Kingdom of Thailand for the area of Malopolska, Silesia, Opole and Lower Silesia, based in Krakow. His mission includes initiating and supporting Polish-Thai [&hellip;]<\/p>\n","protected":false},"author":1,"featured_media":814,"parent":0,"menu_order":0,"comment_status":"closed","ping_status":"closed","template":"","meta":{"footnotes":""},"class_list":["post-840","page","type-page","status-publish","has-post-thumbnail","hentry"],"yoast_head":"<!-- This site is optimized with the Yoast SEO plugin v24.4 - https:\/\/yoast.com\/wordpress\/plugins\/seo\/ -->\n<title>Konsul Honorowy Tajlandii w Krakowie<\/title>\n<meta name=\"description\" content=\"Honorary Consul of Thailand in Krakow\" \/>\n<meta name=\"robots\" content=\"index, follow, max-snippet:-1, max-image-preview:large, max-video-preview:-1\" \/>\n<link rel=\"canonical\" href=\"https:\/\/konsulat-tajlandii-krakow.pl\/en\/\" \/>\n<meta property=\"og:locale\" content=\"en_US\" \/>\n<meta property=\"og:type\" content=\"article\" \/>\n<meta property=\"og:title\" content=\"Konsul Honorowy Tajlandii w Krakowie\" \/>\n<meta property=\"og:description\" content=\"Honorary Consul of Thailand in Krakow\" \/>\n<meta property=\"og:url\" content=\"https:\/\/konsulat-tajlandii-krakow.pl\/en\/\" \/>\n<meta property=\"og:site_name\" content=\"Konsul Honorowy Tajlandii w Krakowie\" \/>\n<meta property=\"article:modified_time\" content=\"2024-10-31T13:35:15+00:00\" \/>\n<meta property=\"og:image\" content=\"http:\/\/konsulat-tajlandii-krakow.pl\/wp-content\/uploads\/2024\/09\/cropped-cropped-Logo-\u0e01\u0e2a\u0e21.png\" \/>\n\t<meta property=\"og:image:width\" content=\"512\" \/>\n\t<meta property=\"og:image:height\" content=\"512\" \/>\n\t<meta property=\"og:image:type\" content=\"image\/png\" \/>\n<meta name=\"twitter:card\" content=\"summary_large_image\" \/>\n<meta name=\"twitter:label1\" content=\"Est. reading time\" \/>\n\t<meta name=\"twitter:data1\" content=\"1 minute\" \/>\n<script type=\"application\/ld+json\" class=\"yoast-schema-graph\">{\"@context\":\"https:\/\/schema.org\",\"@graph\":[{\"@type\":\"WebPage\",\"@id\":\"https:\/\/konsulat-tajlandii-krakow.pl\/en\/\",\"url\":\"https:\/\/konsulat-tajlandii-krakow.pl\/en\/\",\"name\":\"Konsul Honorowy Tajlandii w Krakowie\",\"isPartOf\":{\"@id\":\"https:\/\/konsulat-tajlandii-krakow.pl\/en\/#website\"},\"primaryImageOfPage\":{\"@id\":\"https:\/\/konsulat-tajlandii-krakow.pl\/en\/#primaryimage\"},\"image\":{\"@id\":\"https:\/\/konsulat-tajlandii-krakow.pl\/en\/#primaryimage\"},\"thumbnailUrl\":\"https:\/\/konsulat-tajlandii-krakow.pl\/wp-content\/uploads\/2024\/09\/cropped-cropped-Logo-\u0e01\u0e2a\u0e21.png\",\"datePublished\":\"2024-09-18T09:14:34+00:00\",\"dateModified\":\"2024-10-31T13:35:15+00:00\",\"description\":\"Honorary Consul of Thailand in Krakow\",\"breadcrumb\":{\"@id\":\"https:\/\/konsulat-tajlandii-krakow.pl\/en\/#breadcrumb\"},\"inLanguage\":\"en-US\",\"potentialAction\":[{\"@type\":\"ReadAction\",\"target\":[\"https:\/\/konsulat-tajlandii-krakow.pl\/en\/\"]}]},{\"@type\":\"ImageObject\",\"inLanguage\":\"en-US\",\"@id\":\"https:\/\/konsulat-tajlandii-krakow.pl\/en\/#primaryimage\",\"url\":\"https:\/\/konsulat-tajlandii-krakow.pl\/wp-content\/uploads\/2024\/09\/cropped-cropped-Logo-\u0e01\u0e2a\u0e21.png\",\"contentUrl\":\"https:\/\/konsulat-tajlandii-krakow.pl\/wp-content\/uploads\/2024\/09\/cropped-cropped-Logo-\u0e01\u0e2a\u0e21.png\",\"width\":512,\"height\":512},{\"@type\":\"BreadcrumbList\",\"@id\":\"https:\/\/konsulat-tajlandii-krakow.pl\/en\/#breadcrumb\",\"itemListElement\":[{\"@type\":\"ListItem\",\"position\":1,\"name\":\"Strona g\u0142\u00f3wna\",\"item\":\"https:\/\/konsulat-tajlandii-krakow.pl\/en\/homepage\/\"},{\"@type\":\"ListItem\",\"position\":2,\"name\":\"Homepage\"}]},{\"@type\":\"WebSite\",\"@id\":\"https:\/\/konsulat-tajlandii-krakow.pl\/en\/#website\",\"url\":\"https:\/\/konsulat-tajlandii-krakow.pl\/en\/\",\"name\":\"Konsul Honorowy Tajlandii w Krakowie\",\"description\":\"\",\"publisher\":{\"@id\":\"https:\/\/konsulat-tajlandii-krakow.pl\/en\/#organization\"},\"potentialAction\":[{\"@type\":\"SearchAction\",\"target\":{\"@type\":\"EntryPoint\",\"urlTemplate\":\"https:\/\/konsulat-tajlandii-krakow.pl\/en\/?s={search_term_string}\"},\"query-input\":{\"@type\":\"PropertyValueSpecification\",\"valueRequired\":true,\"valueName\":\"search_term_string\"}}],\"inLanguage\":\"en-US\"},{\"@type\":\"Organization\",\"@id\":\"https:\/\/konsulat-tajlandii-krakow.pl\/en\/#organization\",\"name\":\"Konsul Honorowy Tajlandii w Krakowie\",\"url\":\"https:\/\/konsulat-tajlandii-krakow.pl\/en\/\",\"logo\":{\"@type\":\"ImageObject\",\"inLanguage\":\"en-US\",\"@id\":\"https:\/\/konsulat-tajlandii-krakow.pl\/en\/#\/schema\/logo\/image\/\",\"url\":\"https:\/\/konsulat-tajlandii-krakow.pl\/wp-content\/uploads\/2024\/09\/cropped-Logo-\u0e01\u0e2a\u0e21.png\",\"contentUrl\":\"https:\/\/konsulat-tajlandii-krakow.pl\/wp-content\/uploads\/2024\/09\/cropped-Logo-\u0e01\u0e2a\u0e21.png\",\"width\":492,\"height\":640,\"caption\":\"Konsul Honorowy Tajlandii w Krakowie\"},\"image\":{\"@id\":\"https:\/\/konsulat-tajlandii-krakow.pl\/en\/#\/schema\/logo\/image\/\"}}]}<\/script>\n<!-- \/ Yoast SEO plugin. -->","yoast_head_json":{"title":"Konsul Honorowy Tajlandii w Krakowie","description":"Honorary Consul of Thailand in Krakow","robots":{"index":"index","follow":"follow","max-snippet":"max-snippet:-1","max-image-preview":"max-image-preview:large","max-video-preview":"max-video-preview:-1"},"canonical":"https:\/\/konsulat-tajlandii-krakow.pl\/en\/","og_locale":"en_US","og_type":"article","og_title":"Konsul Honorowy Tajlandii w Krakowie","og_description":"Honorary Consul of Thailand in Krakow","og_url":"https:\/\/konsulat-tajlandii-krakow.pl\/en\/","og_site_name":"Konsul Honorowy Tajlandii w Krakowie","article_modified_time":"2024-10-31T13:35:15+00:00","og_image":[{"width":512,"height":512,"url":"http:\/\/konsulat-tajlandii-krakow.pl\/wp-content\/uploads\/2024\/09\/cropped-cropped-Logo-\u0e01\u0e2a\u0e21.png","type":"image\/png"}],"twitter_card":"summary_large_image","twitter_misc":{"Est. reading time":"1 minute"},"schema":{"@context":"https:\/\/schema.org","@graph":[{"@type":"WebPage","@id":"https:\/\/konsulat-tajlandii-krakow.pl\/en\/","url":"https:\/\/konsulat-tajlandii-krakow.pl\/en\/","name":"Konsul Honorowy Tajlandii w Krakowie","isPartOf":{"@id":"https:\/\/konsulat-tajlandii-krakow.pl\/en\/#website"},"primaryImageOfPage":{"@id":"https:\/\/konsulat-tajlandii-krakow.pl\/en\/#primaryimage"},"image":{"@id":"https:\/\/konsulat-tajlandii-krakow.pl\/en\/#primaryimage"},"thumbnailUrl":"https:\/\/konsulat-tajlandii-krakow.pl\/wp-content\/uploads\/2024\/09\/cropped-cropped-Logo-\u0e01\u0e2a\u0e21.png","datePublished":"2024-09-18T09:14:34+00:00","dateModified":"2024-10-31T13:35:15+00:00","description":"Honorary Consul of Thailand in Krakow","breadcrumb":{"@id":"https:\/\/konsulat-tajlandii-krakow.pl\/en\/#breadcrumb"},"inLanguage":"en-US","potentialAction":[{"@type":"ReadAction","target":["https:\/\/konsulat-tajlandii-krakow.pl\/en\/"]}]},{"@type":"ImageObject","inLanguage":"en-US","@id":"https:\/\/konsulat-tajlandii-krakow.pl\/en\/#primaryimage","url":"https:\/\/konsulat-tajlandii-krakow.pl\/wp-content\/uploads\/2024\/09\/cropped-cropped-Logo-\u0e01\u0e2a\u0e21.png","contentUrl":"https:\/\/konsulat-tajlandii-krakow.pl\/wp-content\/uploads\/2024\/09\/cropped-cropped-Logo-\u0e01\u0e2a\u0e21.png","width":512,"height":512},{"@type":"BreadcrumbList","@id":"https:\/\/konsulat-tajlandii-krakow.pl\/en\/#breadcrumb","itemListElement":[{"@type":"ListItem","position":1,"name":"Strona g\u0142\u00f3wna","item":"https:\/\/konsulat-tajlandii-krakow.pl\/en\/homepage\/"},{"@type":"ListItem","position":2,"name":"Homepage"}]},{"@type":"WebSite","@id":"https:\/\/konsulat-tajlandii-krakow.pl\/en\/#website","url":"https:\/\/konsulat-tajlandii-krakow.pl\/en\/","name":"Konsul Honorowy Tajlandii w Krakowie","description":"","publisher":{"@id":"https:\/\/konsulat-tajlandii-krakow.pl\/en\/#organization"},"potentialAction":[{"@type":"SearchAction","target":{"@type":"EntryPoint","urlTemplate":"https:\/\/konsulat-tajlandii-krakow.pl\/en\/?s={search_term_string}"},"query-input":{"@type":"PropertyValueSpecification","valueRequired":true,"valueName":"search_term_string"}}],"inLanguage":"en-US"},{"@type":"Organization","@id":"https:\/\/konsulat-tajlandii-krakow.pl\/en\/#organization","name":"Konsul Honorowy Tajlandii w Krakowie","url":"https:\/\/konsulat-tajlandii-krakow.pl\/en\/","logo":{"@type":"ImageObject","inLanguage":"en-US","@id":"https:\/\/konsulat-tajlandii-krakow.pl\/en\/#\/schema\/logo\/image\/","url":"https:\/\/konsulat-tajlandii-krakow.pl\/wp-content\/uploads\/2024\/09\/cropped-Logo-\u0e01\u0e2a\u0e21.png","contentUrl":"https:\/\/konsulat-tajlandii-krakow.pl\/wp-content\/uploads\/2024\/09\/cropped-Logo-\u0e01\u0e2a\u0e21.png","width":492,"height":640,"caption":"Konsul Honorowy Tajlandii w Krakowie"},"image":{"@id":"https:\/\/konsulat-tajlandii-krakow.pl\/en\/#\/schema\/logo\/image\/"}}]}},"_links":{"self":[{"href":"https:\/\/konsulat-tajlandii-krakow.pl\/en\/wp-json\/wp\/v2\/pages\/840","targetHints":{"allow":["GET"]}}],"collection":[{"href":"https:\/\/konsulat-tajlandii-krakow.pl\/en\/wp-json\/wp\/v2\/pages"}],"about":[{"href":"https:\/\/konsulat-tajlandii-krakow.pl\/en\/wp-json\/wp\/v2\/types\/page"}],"author":[{"embeddable":true,"href":"https:\/\/konsulat-tajlandii-krakow.pl\/en\/wp-json\/wp\/v2\/users\/1"}],"replies":[{"embeddable":true,"href":"https:\/\/konsulat-tajlandii-krakow.pl\/en\/wp-json\/wp\/v2\/comments?post=840"}],"version-history":[{"count":24,"href":"https:\/\/konsulat-tajlandii-krakow.pl\/en\/wp-json\/wp\/v2\/pages\/840\/revisions"}],"predecessor-version":[{"id":1508,"href":"https:\/\/konsulat-tajlandii-krakow.pl\/en\/wp-json\/wp\/v2\/pages\/840\/revisions\/1508"}],"wp:featuredmedia":[{"embeddable":true,"href":"https:\/\/konsulat-tajlandii-krakow.pl\/en\/wp-json\/wp\/v2\/media\/814"}],"wp:attachment":[{"href":"https:\/\/konsulat-tajlandii-krakow.pl\/en\/wp-json\/wp\/v2\/media?parent=840"}],"curies":[{"name":"wp","href":"https:\/\/api.w.org\/{rel}","templated":true}]}}